{"id":21462,"date":"2024-04-06T16:02:47","date_gmt":"2024-04-06T14:02:47","guid":{"rendered":"https:\/\/www.se-group.info\/?page_id=21462"},"modified":"2024-04-06T16:02:48","modified_gmt":"2024-04-06T14:02:48","slug":"mitarbeiterin-in-verwaltung-und-buchhaltung","status":"publish","type":"page","link":"https:\/\/www.se-group.info\/de\/mitarbeiterin-in-verwaltung-und-buchhaltung\/","title":{"rendered":"Mitarbeiterin in Verwaltung und Buchhaltung"},"content":{"rendered":"<img decoding=\"async\" loading=\"lazy\" width=\"1035\" height=\"294\" class=\"size-full wp-image-21447 aligncenter\" src=\"https:\/\/www.se-group.info\/wp-content\/uploads\/2024\/04\/EN_CI-Co-funded-Rep-Prov_vertical_POS.png\" alt=\"\" \/>\n<p>Der Kurs wird im Rahmen des PO ESF PLUS 2021-2027 finanziert und ist somit kostenlos.<\/p>\n<p>Projektnummer: ESF1_a1_0099<\/p>\n<h2>Projekttitel: Mitarbeiterin in Verwaltung und Buchhaltung<\/h2>\n<p><strong>\u00a0<\/strong><\/p>\n<p><strong>Bereich: Buchhaltung, B\u00fcro und Logistik<\/strong><\/p>\n<p>&nbsp;<\/p>\n<h4>Zusammenfassung des Projekts:<\/h4>\n<p>Die Mitarbeiterin in Verwaltung und Buchhaltung geh\u00f6rt zu den auf dem Arbeitsmarkt gefragtesten Berufen und zeichnet sich durch einen starken fach\u00fcbergreifenden Charakter aus. Im Unternehmensumfeld befasst sie sich mit allen technisch-operativen Aspekten zur Einhaltung von Verpflichtungen und Fristen. Die Teilnehmerinnen erwerben technische und berufliche F\u00e4higkeiten bzgl. der Verwaltung von: &#8211; Verfahren in Verwaltung und Buchhaltung &#8211; Verpflichtungen bzgl. Steuern, Sozialversicherung und Verwaltung &#8211; Information und Kommunikation im B\u00fcro. Au\u00dferdem erm\u00f6glicht die Ausbildung auch den Erwerb von digitalen und fach\u00fcbergreifenden F\u00e4higkeiten, die der besseren Eingliederung im lokalen Produktionsumfeld dienen. Die Struktur der Ma\u00dfnahme sieht eine Fachausbildung vor, die durch praktische \u00dcbungen w\u00e4hrend des Unterrichts und das 200- st\u00fcndige Praktikums erg\u00e4nzt wird. Dieser Ansatz macht den Teilnehmerinnen das Finden einer Stelle leichter.<\/p>\n<p>&nbsp;<\/p>\n<h4>Beschreibung der Zielgruppe:<\/h4>\n<p>Zielgruppe der Fachausbildung f\u00fcr Mitarbeiterin in Verwaltung und Buchhaltung sind gem\u00e4\u00df Ausschreibung vierzehn Frauen, die in der Provinz Bozen wohnhaft oder ans\u00e4ssig sind, zu den Arbeiterkr\u00e4ften geh\u00f6ren (nicht besch\u00e4ftigt\/arbeitslos, auf der Suche nach der ersten Einstellung, inaktiv), die spezifische Kompetenzen erwerben und bei der beruflichen Umschulung begleitet werden m\u00f6chten. Es gibt keine Voraussetzungen f\u00fcr die Teilnahme, aber Vorerfahrungen und die Eignung f\u00fcr die Ausbildung zur Verwaltungsbuchhalterin werden positiv bewertet. Unterschiedliche Volksgruppen und Glaubensrichtungen werden im Stundenplan im Sinne des Diversit\u00e4tsmanagements ber\u00fccksichtigt.<\/p>\n<p>&nbsp;<\/p>\n<h4>Weitere Dienste:<\/h4>\n<p>Die Teilnehmer und Teilnehmerinnen haben Zugang zu einer E-Learning-Plattform, auf die alle Kursmaterialien hochgeladen werden, einschlie\u00dflich Simulationsumgebungen. Es werden Veranstaltungen organisiert, bei denen sich Betriebe des Sektors auf Personalsuche den Teilnehmern und Teilnehmerinnen vorstellen k\u00f6nnen. Au\u00dferdem wird ein individuell abgestimmtes Tutorenprogramm eingerichtet. Im Bedarfsfall wird ein Babysitting-Service aktiviert.<\/p>\n<p>&nbsp;<\/p>\n<h4>Zertifizierungen<\/h4>\n<p>Erfolgreiche Absolventen und Absolventinnen des Moduls \u201eGesundheit und Sicherheit am Arbeitsplatz\u201c erhalten ein Zertifikat gem\u00e4\u00df gesetzesvertretenden Dekret 81\/08.<\/p>\n<p>&nbsp;<\/p>\n<h4>Liste der Module:<\/h4>\n<p>1 &#8211; Das Berufsbild der Mitarbeiterin in Verwaltung und Buchhaltung<br \/>\n2 &#8211; Grundlagen der Unternehmensverwaltung<br \/>\n3 &#8211; Grundlage der Buchhaltung<br \/>\n4 &#8211; Grundlagen der Betriebswirtschaftslehre<br \/>\n5 &#8211; Regulierungsgrunds\u00e4tze<br \/>\n6 &#8211; Wichtigste obligatorische Rechnungslegungsvorschriften<br \/>\n7 &#8211; Gesetzgebung zu Steuern und Abgaben<br \/>\n8 &#8211; Buchhaltungssoftware<br \/>\n9 &#8211; Bank- und Versicherungsformulare<br \/>\n10 &#8211; Steuer- und Sozialversicherungspflichten: Grunds\u00e4tze und Berechnungsmethoden<br \/>\n11 &#8211; Elektronische Rechnungsstellung: Kenntnisse und Pflichten<br \/>\n12 &#8211; Grundlagen des Arbeitsrechts<br \/>\n13 &#8211; Smart Working: Techniken und Instrumente bei der neuen Arbeitsverwaltung<br \/>\n14 &#8211; Digitalisierung von B\u00fcroabl\u00e4ufen<br \/>\n15 &#8211; Protokollf\u00fchrung und Datenarchivierung<br \/>\n16 &#8211; Kommunikation und Berufsethik<br \/>\n17 &#8211; Vorschriften zum Schutz der Privatsph\u00e4re und des Datenschutzes<br \/>\n18 &#8211; Diversit\u00e4tsmanagement<br \/>\n19 &#8211; Fachsprache Deutsch<br \/>\n20 &#8211; Gesundheit und Sicherheit am Arbeitsplatz<br \/>\n21 &#8211; Aktive Arbeitssuche und selbstst\u00e4ndige Erwerbst\u00e4tigkeit<br \/>\n22 &#8211; Pers\u00f6nliches und berufliches Empowerment<br \/>\n23 &#8211; Einzelorientierung<br \/>\n24 &#8211; Praktikum<\/p>\n<p>&nbsp;<\/p>\n<h4>Dauer der Bildungsma\u00dfnahme:<\/h4>\n<p>404 Unterrichtsstunden<\/p>\n<p>200 Stunden Praktikum<\/p>\n<p>3 Stunden individueller Beratung<\/p>\n<p>&nbsp;<\/p>\n<p><strong>Projektinformationen Link: <\/strong><a href=\"https:\/\/fse-esf.civis.bz.it\/preiscrizioni_2127\/prj\/63\/show\">https:\/\/fse-esf.civis.bz.it\/preiscrizioni_2127\/prj\/63\/show<\/a><\/p>\n<h4>Weitere Informationen:<\/h4>\n<p>SE GROUP<\/p>\n<p>0471 188 2107<\/p>\n<p>info@se-group.info<\/p>\n<p>&nbsp;<\/p>\n<p>Datum der letzten Aktualisierung: 06\/04\/2024<\/p>\n","protected":false},"excerpt":{"rendered":"<p>Der Kurs wird im Rahmen des PO ESF PLUS 2021-2027 finanziert und ist somit kostenlos. Projektnummer: ESF1_a1_0099 Projekttitel: Mitarbeiterin in Verwaltung und Buchhaltung \u00a0 Bereich: Buchhaltung, B\u00fcro und Logistik &nbsp; Zusammenfassung des Projekts: Die Mitarbeiterin in Verwaltung und Buchhaltung geh\u00f6rt zu den auf dem Arbeitsmarkt gefragtesten Berufen und zeichnet sich durch einen starken fach\u00fcbergreifenden Charakter [&hellip;]<\/p>\n","protected":false},"author":7,"featured_media":0,"parent":0,"menu_order":0,"comment_status":"closed","ping_status":"closed","template":"","meta":{"_acf_changed":false,"_monsterinsights_skip_tracking":false,"_monsterinsights_sitenote_active":false,"_monsterinsights_sitenote_note":"","_monsterinsights_sitenote_category":0,"footnotes":""},"class_list":["post-21462","page","type-page","status-publish","hentry"],"acf":[],"publishpress_future_action":{"enabled":false,"date":"2026-04-23 06:21:54","action":"change-status","newStatus":"draft","terms":[],"taxonomy":"translation_priority","extraData":[]},"publishpress_future_workflow_manual_trigger":{"enabledWorkflows":[]},"_links":{"self":[{"href":"https:\/\/www.se-group.info\/de\/wp-json\/wp\/v2\/pages\/21462","targetHints":{"allow":["GET"]}}],"collection":[{"href":"https:\/\/www.se-group.info\/de\/wp-json\/wp\/v2\/pages"}],"about":[{"href":"https:\/\/www.se-group.info\/de\/wp-json\/wp\/v2\/types\/page"}],"author":[{"embeddable":true,"href":"https:\/\/www.se-group.info\/de\/wp-json\/wp\/v2\/users\/7"}],"replies":[{"embeddable":true,"href":"https:\/\/www.se-group.info\/de\/wp-json\/wp\/v2\/comments?post=21462"}],"version-history":[{"count":2,"href":"https:\/\/www.se-group.info\/de\/wp-json\/wp\/v2\/pages\/21462\/revisions"}],"predecessor-version":[{"id":21464,"href":"https:\/\/www.se-group.info\/de\/wp-json\/wp\/v2\/pages\/21462\/revisions\/21464"}],"wp:attachment":[{"href":"https:\/\/www.se-group.info\/de\/wp-json\/wp\/v2\/media?parent=21462"}],"curies":[{"name":"wp","href":"https:\/\/api.w.org\/{rel}","templated":true}]}}