{"id":21468,"date":"2024-04-06T16:06:25","date_gmt":"2024-04-06T14:06:25","guid":{"rendered":"https:\/\/www.se-group.info\/?page_id=21468"},"modified":"2024-04-06T16:06:25","modified_gmt":"2024-04-06T14:06:25","slug":"fachperson-fuer-quality-safety-privacy-management","status":"publish","type":"page","link":"https:\/\/www.se-group.info\/de\/fachperson-fuer-quality-safety-privacy-management\/","title":{"rendered":"Fachperson f\u00fcr Quality Safety Privacy Management"},"content":{"rendered":"<img decoding=\"async\" loading=\"lazy\" width=\"1035\" height=\"294\" class=\"size-full wp-image-21447 aligncenter\" src=\"https:\/\/www.se-group.info\/wp-content\/uploads\/2024\/04\/EN_CI-Co-funded-Rep-Prov_vertical_POS.png\" alt=\"\" \/>\n<p>Der Kurs wird im Rahmen des PO ESF PLUS 2021-2027 finanziert und ist somit kostenlos.<\/p>\n<p>Projektnummer: ESF1_a1_0102<\/p>\n<h2>Projekttitel: Fachperson f\u00fcr Quality Safety Privacy Management<\/h2>\n<p><strong>\u00a0<\/strong><\/p>\n<p><strong>Bereich: Qualit\u00e4t, Umwelt und Nachhaltigkeit<\/strong><\/p>\n<p>&nbsp;<\/p>\n<h4>Zusammenfassung des Projekts:<\/h4>\n<p>Dieses Projekt auf die Ausbildung einer Fachkraft ab, die in der Lage ist, ein Unternehmen bei der Erreichung seiner Ziele im QSP-Bereich zu unterst\u00fctzen. Daher f\u00f6rdert der Kurs neben der Untersuchung der geltenden Vorschriften im QSP-Bereich die Entwicklung spezifischer Kompetenzen, damit der QSP-Manager das Unternehmen unterst\u00fctzen kann: sowohl in der pr\u00e4ventiven Phase-bei der Definition der Unternehmensstrategie, der Vorwegnahme von Risiken bei verschiedenen Entscheidungen, als auch in der operativen Phase &#8211; bei der Leitung und Umsetzung der Unternehmensabl\u00e4ufe (Ex-post-Bewertung) &#8211; unter Einhaltung der geltenden Vorschriften. Das Projekt zielt auf berufliche Umschulung und Vermittlung von Arbeitspl\u00e4tzen in diesem Sektor ab, wobei technische und berufliche Kenntnisse entsprechend den Bed\u00fcrfnissen der Betriebe vermittelt werden, aber auch durch die St\u00e4rkung fach\u00fcbergreifender Kenntnisse (deutsche Sprache, Empowerment, aktive Arbeitssuche),die f\u00fcr eine wirksame Arbeitssuche unerl\u00e4sslich sind<\/p>\n<p>&nbsp;<\/p>\n<h4>Beschreibung der Zielgruppe:<\/h4>\n<p>Wie in der Ausschreibung angegeben handelt es sich bei der Zielgruppe um arbeitslose, inaktive oder nicht besch\u00e4ftigte Personen unter 30 Jahren, die in der Provinz Bozen wohnhaft oder ans\u00e4ssig sind, um ihre Besch\u00e4ftigung zu erleichtern. Bei der Auswahl der Teilnehmer und Teilnehmerinnen wird auf ein ausgewogenes Verh\u00e4ltnis zwischen den Geschlechtern und auf Chancengleichheit beim Zugang zu den Kursen geachtet. Besonderes Augenmerk wird auf Frauen gelegt, die gr\u00f6\u00dfere Schwierigkeiten haben, sich n die Arbeitswelt (wieder)einzugliedern und die eine Umschulung oder Aktualisierung ihrer F\u00e4higkeiten anstreben, um eine berufliche Karriere im Bereich der integrierten Managementsysteme aufzubauen. Als optionale, unverbindliche Voraussetzungen gelten: fr\u00fchere Arbeits- oder Ausbildungserfahrungen in den Bereichen Qualit\u00e4t, Sicherheit und Datenschutz sowie Kenntnisse im Umgang mit allgemeinen Computeranwendungen.<\/p>\n<p>&nbsp;<\/p>\n<h4>Weitere Dienste:<\/h4>\n<p>Die Teilnehmer und Teilnehmerinnen haben Zugang zu einer E-Learning-Plattform, auf die alle Kursmaterialien hochgeladen werden. Es werden Networking-Veranstaltungen organisiert, bei denen sich Betriebe des Sektors auf Personalsuche den Teilnehmern vorstellen k\u00f6nnen. Au\u00dferdem werden individuell abgestimmte Tutorenprogramme eingerichtet.<\/p>\n<p>&nbsp;<\/p>\n<h4>Zertifizierungen<\/h4>\n<p>Erfolgreiche Absolventen und Absolventinnen des Moduls \u201eGesundheit und Sicherheit am Arbeitsplatz\u201c erhalten ein Zertifikat gem\u00e4\u00df gesetzesvertretenden Dekret 81\/08.<\/p>\n<p>&nbsp;<\/p>\n<h4>Liste der Module:<\/h4>\n<p>1 Rechtsvorschriften \u00fcber Gesundheit und Sicherheit am Arbeitsplatz, deren Einhaltung und Handhabung<br \/>\n2 Arbeitsrecht<br \/>\n3 Sicherheit am Arbeitsplatz: von Unf\u00e4llen und Krankheiten bis zur sicheren Verwaltung von Auftragsvergaben<br \/>\n4 Die wichtigsten Risiken im Bereich Gesundheit und Sicherheit<br \/>\n5 Unternehmensorganisation: Analyse und Optimierung der Abl\u00e4ufe<br \/>\n6 Grundlagen der Verwaltung von Humanressourcen<br \/>\n7 Ausbildung im Betrieb<br \/>\n8 Das Qualit\u00e4tsmanagementsystem<br \/>\n9 Ausf\u00fchrung und Systeme zur Kontrolle des Qualit\u00e4tsmanagements<br \/>\n10 Messung und Validierung des Qualit\u00e4tsverfahrens<br \/>\n11 Datenschutz und -sicherheit im Betrieb<br \/>\n12 Fachsprache Deutsch<br \/>\n13 Aktive Arbeitssuche und selbstst\u00e4ndige Erwerbst\u00e4tigkeit<br \/>\n14 Pers\u00f6nliches und berufliches Empowerment<br \/>\n15 Diversit\u00e4tsmanagement<br \/>\n16 Die Rolle des Datenschutzbeauftragten<br \/>\n17 Datenschutzverordnung GDPR und Cybersicherheit<br \/>\n18 GDPR: Rechenschaftspflicht und Instrumente zur Anwendung<br \/>\n19 Gesundheit und Sicherheit am Arbeitsplatz<br \/>\n20 Einzelorientierung<br \/>\n22 Praktikum<\/p>\n<p>&nbsp;<\/p>\n<h4>Dauer der Bildungsma\u00dfnahme:<\/h4>\n<p>456 Unterrichtsstunden<\/p>\n<p>200 Stunden Praktikum<\/p>\n<p>3 Stunden individueller Beratung<\/p>\n<p>&nbsp;<\/p>\n<p>&nbsp;<\/p>\n<p>Projektinformationen Link: <a href=\"https:\/\/fse-esf.civis.bz.it\/preiscrizioni_2127\/prj\/63\/show\">https:\/\/fse-esf.civis.bz.it\/preiscrizioni_2127\/prj\/63\/show<\/a><\/p>\n<p>&nbsp;<\/p>\n<h4>Weitere Informationen:<\/h4>\n<p>SE GROUP<\/p>\n<p>0471 188 2107<\/p>\n<p><a href=\"mailto:info@se-group.info\">info@se-group.info<\/a><\/p>\n<p>&nbsp;<\/p>\n<p>Datum der letzten Aktualisierung: 06\/04\/2024<\/p>\n","protected":false},"excerpt":{"rendered":"<p>Der Kurs wird im Rahmen des PO ESF PLUS 2021-2027 finanziert und ist somit kostenlos. Projektnummer: ESF1_a1_0102 Projekttitel: Fachperson f\u00fcr Quality Safety Privacy Management \u00a0 Bereich: Qualit\u00e4t, Umwelt und Nachhaltigkeit &nbsp; Zusammenfassung des Projekts: Dieses Projekt auf die Ausbildung einer Fachkraft ab, die in der Lage ist, ein Unternehmen bei der Erreichung seiner Ziele im [&hellip;]<\/p>\n","protected":false},"author":7,"featured_media":0,"parent":0,"menu_order":0,"comment_status":"closed","ping_status":"closed","template":"","meta":{"_acf_changed":false,"_monsterinsights_skip_tracking":false,"_monsterinsights_sitenote_active":false,"_monsterinsights_sitenote_note":"","_monsterinsights_sitenote_category":0,"footnotes":""},"class_list":["post-21468","page","type-page","status-publish","hentry"],"acf":[],"publishpress_future_action":{"enabled":false,"date":"2026-05-09 17:31:03","action":"change-status","newStatus":"draft","terms":[],"taxonomy":"translation_priority","extraData":[]},"publishpress_future_workflow_manual_trigger":{"enabledWorkflows":[]},"_links":{"self":[{"href":"https:\/\/www.se-group.info\/de\/wp-json\/wp\/v2\/pages\/21468","targetHints":{"allow":["GET"]}}],"collection":[{"href":"https:\/\/www.se-group.info\/de\/wp-json\/wp\/v2\/pages"}],"about":[{"href":"https:\/\/www.se-group.info\/de\/wp-json\/wp\/v2\/types\/page"}],"author":[{"embeddable":true,"href":"https:\/\/www.se-group.info\/de\/wp-json\/wp\/v2\/users\/7"}],"replies":[{"embeddable":true,"href":"https:\/\/www.se-group.info\/de\/wp-json\/wp\/v2\/comments?post=21468"}],"version-history":[{"count":2,"href":"https:\/\/www.se-group.info\/de\/wp-json\/wp\/v2\/pages\/21468\/revisions"}],"predecessor-version":[{"id":21470,"href":"https:\/\/www.se-group.info\/de\/wp-json\/wp\/v2\/pages\/21468\/revisions\/21470"}],"wp:attachment":[{"href":"https:\/\/www.se-group.info\/de\/wp-json\/wp\/v2\/media?parent=21468"}],"curies":[{"name":"wp","href":"https:\/\/api.w.org\/{rel}","templated":true}]}}