{"id":594,"date":"2018-12-10T17:06:49","date_gmt":"2018-12-10T16:06:49","guid":{"rendered":"https:\/\/se-group.info\/formazione-fse"},"modified":"2024-10-28T10:34:25","modified_gmt":"2024-10-28T09:34:25","slug":"formazione-fse","status":"publish","type":"page","link":"https:\/\/www.se-group.info\/de\/formazione-fse\/","title":{"rendered":"Bildung ESF BZ"},"content":{"rendered":"<p>&nbsp;<\/p>\n<img decoding=\"async\" loading=\"lazy\" width=\"1035\" height=\"294\" class=\"size-full wp-image-21447 aligncenter\" src=\"https:\/\/www.se-group.info\/wp-content\/uploads\/2024\/04\/EN_CI-Co-funded-Rep-Prov_vertical_POS.png\" alt=\"\" \/>\n<p>SE GROUP ist ein Unternehmensnetzwerk, ausgestattet mit einer juridischen Person, welches zwischen den folgenden, im Bereich Gesundheit und Sicherheit am Arbeitsplatz, t\u00e4tigen spezialisierten Unternehmen gegr\u00fcndet wurde.<\/p>\n<p><a href=\"https:\/\/se-group.info\/wp-content\/uploads\/2018\/12\/carta-qualita.pdf\" target=\"_blank\" rel=\"noopener\">Qualit\u00e4tscharta (PDF)<\/a><\/p>\n<p>Klicke auf nachfolgenden Link, um die von SE Group angebotenen und vom europ\u00e4ischen Sozialfonds finanzierten Kurse einzusehen:<\/p>\n<ul>\n<li>Ausbildung im Bereich Logistik <a href=\"https:\/\/www.se-group.info\/de\/esf3_h1_0030-ausbildung-im-bereich-logistik\/\">ESF3_h1_0030<\/a><\/li>\n<li>Arbeiten im Magazin <a href=\"https:\/\/www.se-group.info\/de\/arbeiten-im-magazin\/\">ESF1_a1_0100<\/a><\/li>\n<li>Fachperson f\u00fcr Quality Safety Privacy Management <a href=\"https:\/\/www.se-group.info\/de\/fachperson-fuer-quality-safety-privacy-management\/\">ESF1_a1_0102<\/a><\/li>\n<li>Mitarbeiterin in Verwaltung und Buchhaltung <a href=\"https:\/\/www.se-group.info\/de\/mitarbeiterin-in-verwaltung-und-buchhaltung\/\">ESF1_a1_0099<\/a><\/li>\n<\/ul>\n","protected":false},"excerpt":{"rendered":"<p>&nbsp; SE GROUP ist ein Unternehmensnetzwerk, ausgestattet mit einer juridischen Person, welches zwischen den folgenden, im Bereich Gesundheit und Sicherheit am Arbeitsplatz, t\u00e4tigen spezialisierten Unternehmen gegr\u00fcndet wurde. Qualit\u00e4tscharta (PDF) Klicke auf nachfolgenden Link, um die von SE Group angebotenen und vom europ\u00e4ischen Sozialfonds finanzierten Kurse einzusehen: Ausbildung im Bereich Logistik ESF3_h1_0030 Arbeiten im Magazin ESF1_a1_0100 [&hellip;]<\/p>\n","protected":false},"author":11,"featured_media":0,"parent":0,"menu_order":0,"comment_status":"closed","ping_status":"closed","template":"","meta":{"_acf_changed":false,"_monsterinsights_skip_tracking":false,"_monsterinsights_sitenote_active":false,"_monsterinsights_sitenote_note":"","_monsterinsights_sitenote_category":0,"footnotes":""},"class_list":["post-594","page","type-page","status-publish","hentry"],"acf":[],"publishpress_future_action":{"enabled":false,"date":"2026-04-23 06:33:11","action":"change-status","newStatus":"draft","terms":[],"taxonomy":"translation_priority","extraData":[]},"publishpress_future_workflow_manual_trigger":{"enabledWorkflows":[]},"_links":{"self":[{"href":"https:\/\/www.se-group.info\/de\/wp-json\/wp\/v2\/pages\/594","targetHints":{"allow":["GET"]}}],"collection":[{"href":"https:\/\/www.se-group.info\/de\/wp-json\/wp\/v2\/pages"}],"about":[{"href":"https:\/\/www.se-group.info\/de\/wp-json\/wp\/v2\/types\/page"}],"author":[{"embeddable":true,"href":"https:\/\/www.se-group.info\/de\/wp-json\/wp\/v2\/users\/11"}],"replies":[{"embeddable":true,"href":"https:\/\/www.se-group.info\/de\/wp-json\/wp\/v2\/comments?post=594"}],"version-history":[{"count":6,"href":"https:\/\/www.se-group.info\/de\/wp-json\/wp\/v2\/pages\/594\/revisions"}],"predecessor-version":[{"id":32546,"href":"https:\/\/www.se-group.info\/de\/wp-json\/wp\/v2\/pages\/594\/revisions\/32546"}],"wp:attachment":[{"href":"https:\/\/www.se-group.info\/de\/wp-json\/wp\/v2\/media?parent=594"}],"curies":[{"name":"wp","href":"https:\/\/api.w.org\/{rel}","templated":true}]}}